{"id":36532,"date":"2021-08-26T09:43:14","date_gmt":"2021-08-26T06:43:14","guid":{"rendered":"https:\/\/rockdrillspareparts.com\/tr\/?page_id=36532"},"modified":"2021-10-21T10:17:07","modified_gmt":"2021-10-21T07:17:07","slug":"rock-drill-machine-drifter-models","status":"publish","type":"page","link":"https:\/\/rockdrillspareparts.com\/tr\/rock-drill-machine-drifter-models\/","title":{"rendered":"Kaya Delici Makine Listesi"},"content":{"rendered":"","protected":false},"excerpt":{"rendered":"","protected":false},"author":1,"featured_media":0,"parent":0,"menu_order":0,"comment_status":"closed","ping_status":"closed","template":"page-templates\/makine-tablo.php","meta":{"footnotes":""},"class_list":["post-36532","page","type-page","status-publish","hentry"],"yoast_head":"<!-- This site is optimized with the Yoast SEO plugin v27.3 - https:\/\/yoast.com\/product\/yoast-seo-wordpress\/ -->\n<title>Kaya Delici Makine Listesi - Rok Delici Makina Yedek Par\u00e7alar\u0131<\/title>\n<meta name=\"robots\" content=\"index, follow, max-snippet:-1, max-image-preview:large, max-video-preview:-1\" \/>\n<link rel=\"canonical\" href=\"https:\/\/rockdrillspareparts.com\/tr\/rock-drill-machine-drifter-models\/\" \/>\n<meta property=\"og:locale\" content=\"tr_TR\" \/>\n<meta property=\"og:type\" content=\"article\" \/>\n<meta property=\"og:title\" content=\"Kaya Delici Makine Listesi - Rok Delici Makina Yedek Par\u00e7alar\u0131\" \/>\n<meta property=\"og:url\" content=\"https:\/\/rockdrillspareparts.com\/tr\/rock-drill-machine-drifter-models\/\" \/>\n<meta property=\"og:site_name\" content=\"Rok Delici Makina Yedek Par\u00e7alar\u0131\" \/>\n<meta property=\"article:modified_time\" content=\"2021-10-21T07:17:07+00:00\" \/>\n<meta name=\"twitter:card\" content=\"summary_large_image\" \/>\n<script type=\"application\/ld+json\" class=\"yoast-schema-graph\">{\"@context\":\"https:\\\/\\\/schema.org\",\"@graph\":[{\"@type\":\"WebPage\",\"@id\":\"https:\\\/\\\/rockdrillspareparts.com\\\/tr\\\/rock-drill-machine-drifter-models\\\/\",\"url\":\"https:\\\/\\\/rockdrillspareparts.com\\\/tr\\\/rock-drill-machine-drifter-models\\\/\",\"name\":\"Kaya Delici Makine Listesi - Rok Delici Makina Yedek Par\u00e7alar\u0131\",\"isPartOf\":{\"@id\":\"https:\\\/\\\/rockdrillspareparts.com\\\/tr\\\/#website\"},\"datePublished\":\"2021-08-26T06:43:14+00:00\",\"dateModified\":\"2021-10-21T07:17:07+00:00\",\"breadcrumb\":{\"@id\":\"https:\\\/\\\/rockdrillspareparts.com\\\/tr\\\/rock-drill-machine-drifter-models\\\/#breadcrumb\"},\"inLanguage\":\"tr\",\"potentialAction\":[{\"@type\":\"ReadAction\",\"target\":[\"https:\\\/\\\/rockdrillspareparts.com\\\/tr\\\/rock-drill-machine-drifter-models\\\/\"]}]},{\"@type\":\"BreadcrumbList\",\"@id\":\"https:\\\/\\\/rockdrillspareparts.com\\\/tr\\\/rock-drill-machine-drifter-models\\\/#breadcrumb\",\"itemListElement\":[{\"@type\":\"ListItem\",\"position\":1,\"name\":\"Ana Sayfa\",\"item\":\"https:\\\/\\\/rockdrillspareparts.com\\\/tr\\\/\"},{\"@type\":\"ListItem\",\"position\":2,\"name\":\"Kaya Delici Makine Listesi\"}]},{\"@type\":\"WebSite\",\"@id\":\"https:\\\/\\\/rockdrillspareparts.com\\\/tr\\\/#website\",\"url\":\"https:\\\/\\\/rockdrillspareparts.com\\\/tr\\\/\",\"name\":\"Rok Delici Makina Yedek Par\u00e7alar\u0131\",\"description\":\"En Kaliteli Kaya Delici Yedek Par\u00e7a \u00dcreticisi\",\"publisher\":{\"@id\":\"https:\\\/\\\/rockdrillspareparts.com\\\/tr\\\/#organization\"},\"potentialAction\":[{\"@type\":\"SearchAction\",\"target\":{\"@type\":\"EntryPoint\",\"urlTemplate\":\"https:\\\/\\\/rockdrillspareparts.com\\\/tr\\\/?s={search_term_string}\"},\"query-input\":{\"@type\":\"PropertyValueSpecification\",\"valueRequired\":true,\"valueName\":\"search_term_string\"}}],\"inLanguage\":\"tr\"},{\"@type\":\"Organization\",\"@id\":\"https:\\\/\\\/rockdrillspareparts.com\\\/tr\\\/#organization\",\"name\":\"Delkom Rock Drill\",\"url\":\"https:\\\/\\\/rockdrillspareparts.com\\\/tr\\\/\",\"logo\":{\"@type\":\"ImageObject\",\"inLanguage\":\"tr\",\"@id\":\"https:\\\/\\\/rockdrillspareparts.com\\\/tr\\\/#\\\/schema\\\/logo\\\/image\\\/\",\"url\":\"https:\\\/\\\/rockdrillspareparts.com\\\/tr\\\/wp-content\\\/uploads\\\/sites\\\/14\\\/2021\\\/06\\\/logo-white-1.png\",\"contentUrl\":\"https:\\\/\\\/rockdrillspareparts.com\\\/tr\\\/wp-content\\\/uploads\\\/sites\\\/14\\\/2021\\\/06\\\/logo-white-1.png\",\"width\":300,\"height\":74,\"caption\":\"Delkom Rock Drill\"},\"image\":{\"@id\":\"https:\\\/\\\/rockdrillspareparts.com\\\/tr\\\/#\\\/schema\\\/logo\\\/image\\\/\"}}]}<\/script>\n<!-- \/ Yoast SEO plugin. -->","yoast_head_json":{"title":"Kaya Delici Makine Listesi - Rok Delici Makina Yedek Par\u00e7alar\u0131","robots":{"index":"index","follow":"follow","max-snippet":"max-snippet:-1","max-image-preview":"max-image-preview:large","max-video-preview":"max-video-preview:-1"},"canonical":"https:\/\/rockdrillspareparts.com\/tr\/rock-drill-machine-drifter-models\/","og_locale":"tr_TR","og_type":"article","og_title":"Kaya Delici Makine Listesi - Rok Delici Makina Yedek Par\u00e7alar\u0131","og_url":"https:\/\/rockdrillspareparts.com\/tr\/rock-drill-machine-drifter-models\/","og_site_name":"Rok Delici Makina Yedek Par\u00e7alar\u0131","article_modified_time":"2021-10-21T07:17:07+00:00","twitter_card":"summary_large_image","schema":{"@context":"https:\/\/schema.org","@graph":[{"@type":"WebPage","@id":"https:\/\/rockdrillspareparts.com\/tr\/rock-drill-machine-drifter-models\/","url":"https:\/\/rockdrillspareparts.com\/tr\/rock-drill-machine-drifter-models\/","name":"Kaya Delici Makine Listesi - Rok Delici Makina Yedek Par\u00e7alar\u0131","isPartOf":{"@id":"https:\/\/rockdrillspareparts.com\/tr\/#website"},"datePublished":"2021-08-26T06:43:14+00:00","dateModified":"2021-10-21T07:17:07+00:00","breadcrumb":{"@id":"https:\/\/rockdrillspareparts.com\/tr\/rock-drill-machine-drifter-models\/#breadcrumb"},"inLanguage":"tr","potentialAction":[{"@type":"ReadAction","target":["https:\/\/rockdrillspareparts.com\/tr\/rock-drill-machine-drifter-models\/"]}]},{"@type":"BreadcrumbList","@id":"https:\/\/rockdrillspareparts.com\/tr\/rock-drill-machine-drifter-models\/#breadcrumb","itemListElement":[{"@type":"ListItem","position":1,"name":"Ana Sayfa","item":"https:\/\/rockdrillspareparts.com\/tr\/"},{"@type":"ListItem","position":2,"name":"Kaya Delici Makine Listesi"}]},{"@type":"WebSite","@id":"https:\/\/rockdrillspareparts.com\/tr\/#website","url":"https:\/\/rockdrillspareparts.com\/tr\/","name":"Rok Delici Makina Yedek Par\u00e7alar\u0131","description":"En Kaliteli Kaya Delici Yedek Par\u00e7a \u00dcreticisi","publisher":{"@id":"https:\/\/rockdrillspareparts.com\/tr\/#organization"},"potentialAction":[{"@type":"SearchAction","target":{"@type":"EntryPoint","urlTemplate":"https:\/\/rockdrillspareparts.com\/tr\/?s={search_term_string}"},"query-input":{"@type":"PropertyValueSpecification","valueRequired":true,"valueName":"search_term_string"}}],"inLanguage":"tr"},{"@type":"Organization","@id":"https:\/\/rockdrillspareparts.com\/tr\/#organization","name":"Delkom Rock Drill","url":"https:\/\/rockdrillspareparts.com\/tr\/","logo":{"@type":"ImageObject","inLanguage":"tr","@id":"https:\/\/rockdrillspareparts.com\/tr\/#\/schema\/logo\/image\/","url":"https:\/\/rockdrillspareparts.com\/tr\/wp-content\/uploads\/sites\/14\/2021\/06\/logo-white-1.png","contentUrl":"https:\/\/rockdrillspareparts.com\/tr\/wp-content\/uploads\/sites\/14\/2021\/06\/logo-white-1.png","width":300,"height":74,"caption":"Delkom Rock Drill"},"image":{"@id":"https:\/\/rockdrillspareparts.com\/tr\/#\/schema\/logo\/image\/"}}]}},"acf":[],"_links":{"self":[{"href":"https:\/\/rockdrillspareparts.com\/tr\/wp-json\/wp\/v2\/pages\/36532","targetHints":{"allow":["GET"]}}],"collection":[{"href":"https:\/\/rockdrillspareparts.com\/tr\/wp-json\/wp\/v2\/pages"}],"about":[{"href":"https:\/\/rockdrillspareparts.com\/tr\/wp-json\/wp\/v2\/types\/page"}],"author":[{"embeddable":true,"href":"https:\/\/rockdrillspareparts.com\/tr\/wp-json\/wp\/v2\/users\/1"}],"replies":[{"embeddable":true,"href":"https:\/\/rockdrillspareparts.com\/tr\/wp-json\/wp\/v2\/comments?post=36532"}],"version-history":[{"count":0,"href":"https:\/\/rockdrillspareparts.com\/tr\/wp-json\/wp\/v2\/pages\/36532\/revisions"}],"wp:attachment":[{"href":"https:\/\/rockdrillspareparts.com\/tr\/wp-json\/wp\/v2\/media?parent=36532"}],"curies":[{"name":"wp","href":"https:\/\/api.w.org\/{rel}","templated":true}]}}